{"id":1006,"date":"2017-11-16T15:35:59","date_gmt":"2017-11-16T13:35:59","guid":{"rendered":"https:\/\/svenskafdc.se\/butik\/?post_type=product&#038;p=1006"},"modified":"2025-02-04T17:57:07","modified_gmt":"2025-02-04T15:57:07","slug":"julfrimarken-2017","status":"publish","type":"product","link":"https:\/\/svenskafdc.se\/butik\/product\/julfrimarken-2017\/","title":{"rendered":"Julfrim\u00e4rken 2017"},"content":{"rendered":"<p>Utgivningsdag 16 november 2017. Signerat.<\/p>\n","protected":false},"excerpt":{"rendered":"<p>Utgivningsdag 16 november 2017. Signerat.<\/p>\n","protected":false},"featured_media":1013,"comment_status":"closed","ping_status":"closed","template":"","meta":{"jetpack_post_was_ever_published":false},"product_brand":[],"product_cat":[95,20,30,29,28,90],"product_tag":[],"class_list":{"0":"post-1006","1":"product","2":"type-product","3":"status-publish","4":"has-post-thumbnail","6":"product_cat-95","7":"product_cat-fdc","8":"product_cat-julfrimarken","9":"product_cat-signerat","10":"product_cat-svenska-fdc","11":"product_cat-vinjett","13":"first","14":"instock","15":"sold-individually","16":"shipping-taxable","17":"purchasable","18":"product-type-simple"},"yoast_head":"<!-- This site is optimized with the Yoast SEO plugin v27.4 - https:\/\/yoast.com\/product\/yoast-seo-wordpress\/ -->\n<title>Julfrim\u00e4rken 2017 - Butiken<\/title>\n<meta name=\"robots\" content=\"index, follow, max-snippet:-1, max-image-preview:large, max-video-preview:-1\" \/>\n<link rel=\"canonical\" href=\"https:\/\/svenskafdc.se\/butik\/product\/julfrimarken-2017\/\" \/>\n<meta property=\"og:locale\" content=\"sv_SE\" \/>\n<meta property=\"og:type\" content=\"article\" \/>\n<meta property=\"og:title\" content=\"Julfrim\u00e4rken 2017 - Butiken\" \/>\n<meta property=\"og:description\" content=\"Utgivningsdag 16 november 2017. Signerat.\" \/>\n<meta property=\"og:url\" content=\"https:\/\/svenskafdc.se\/butik\/product\/julfrimarken-2017\/\" \/>\n<meta property=\"og:site_name\" content=\"Butiken\" \/>\n<meta property=\"article:modified_time\" content=\"2025-02-04T15:57:07+00:00\" \/>\n<meta property=\"og:image\" content=\"https:\/\/svenskafdc.se\/butik\/wp-content\/uploads\/2017\/11\/FDC112017b.jpg\" \/>\n\t<meta property=\"og:image:width\" content=\"640\" \/>\n\t<meta property=\"og:image:height\" content=\"445\" \/>\n\t<meta property=\"og:image:type\" content=\"image\/jpeg\" \/>\n<meta name=\"twitter:card\" content=\"summary_large_image\" \/>\n<meta name=\"twitter:label1\" content=\"Ber\u00e4knad l\u00e4stid\" \/>\n\t<meta name=\"twitter:data1\" content=\"1 minut\" \/>\n<script type=\"application\/ld+json\" class=\"yoast-schema-graph\">{\"@context\":\"https:\\\/\\\/schema.org\",\"@graph\":[{\"@type\":\"WebPage\",\"@id\":\"https:\\\/\\\/svenskafdc.se\\\/butik\\\/product\\\/julfrimarken-2017\\\/\",\"url\":\"https:\\\/\\\/svenskafdc.se\\\/butik\\\/product\\\/julfrimarken-2017\\\/\",\"name\":\"Julfrim\u00e4rken 2017 - Butiken\",\"isPartOf\":{\"@id\":\"https:\\\/\\\/svenskafdc.se\\\/butik\\\/#website\"},\"primaryImageOfPage\":{\"@id\":\"https:\\\/\\\/svenskafdc.se\\\/butik\\\/product\\\/julfrimarken-2017\\\/#primaryimage\"},\"image\":{\"@id\":\"https:\\\/\\\/svenskafdc.se\\\/butik\\\/product\\\/julfrimarken-2017\\\/#primaryimage\"},\"thumbnailUrl\":\"https:\\\/\\\/svenskafdc.se\\\/butik\\\/wp-content\\\/uploads\\\/2017\\\/11\\\/FDC112017b.jpg\",\"datePublished\":\"2017-11-16T13:35:59+00:00\",\"dateModified\":\"2025-02-04T15:57:07+00:00\",\"breadcrumb\":{\"@id\":\"https:\\\/\\\/svenskafdc.se\\\/butik\\\/product\\\/julfrimarken-2017\\\/#breadcrumb\"},\"inLanguage\":\"sv-SE\",\"potentialAction\":[{\"@type\":\"ReadAction\",\"target\":[\"https:\\\/\\\/svenskafdc.se\\\/butik\\\/product\\\/julfrimarken-2017\\\/\"]}]},{\"@type\":\"ImageObject\",\"inLanguage\":\"sv-SE\",\"@id\":\"https:\\\/\\\/svenskafdc.se\\\/butik\\\/product\\\/julfrimarken-2017\\\/#primaryimage\",\"url\":\"https:\\\/\\\/svenskafdc.se\\\/butik\\\/wp-content\\\/uploads\\\/2017\\\/11\\\/FDC112017b.jpg\",\"contentUrl\":\"https:\\\/\\\/svenskafdc.se\\\/butik\\\/wp-content\\\/uploads\\\/2017\\\/11\\\/FDC112017b.jpg\",\"width\":640,\"height\":445},{\"@type\":\"BreadcrumbList\",\"@id\":\"https:\\\/\\\/svenskafdc.se\\\/butik\\\/product\\\/julfrimarken-2017\\\/#breadcrumb\",\"itemListElement\":[{\"@type\":\"ListItem\",\"position\":1,\"name\":\"Home\",\"item\":\"https:\\\/\\\/svenskafdc.se\\\/butik\\\/\"},{\"@type\":\"ListItem\",\"position\":2,\"name\":\"H\u00e4r kan du k\u00f6pa v\u00e5ra F\u00f6rstadagskuvert\",\"item\":\"https:\\\/\\\/svenskafdc.se\\\/butik\\\/shop\\\/\"},{\"@type\":\"ListItem\",\"position\":3,\"name\":\"Julfrim\u00e4rken 2017\"}]},{\"@type\":\"WebSite\",\"@id\":\"https:\\\/\\\/svenskafdc.se\\\/butik\\\/#website\",\"url\":\"https:\\\/\\\/svenskafdc.se\\\/butik\\\/\",\"name\":\"Butiken\",\"description\":\"Sveriges b\u00e4sta FDC sajt\",\"potentialAction\":[{\"@type\":\"SearchAction\",\"target\":{\"@type\":\"EntryPoint\",\"urlTemplate\":\"https:\\\/\\\/svenskafdc.se\\\/butik\\\/?s={search_term_string}\"},\"query-input\":{\"@type\":\"PropertyValueSpecification\",\"valueRequired\":true,\"valueName\":\"search_term_string\"}}],\"inLanguage\":\"sv-SE\"}]}<\/script>\n<!-- \/ Yoast SEO plugin. -->","yoast_head_json":{"title":"Julfrim\u00e4rken 2017 - Butiken","robots":{"index":"index","follow":"follow","max-snippet":"max-snippet:-1","max-image-preview":"max-image-preview:large","max-video-preview":"max-video-preview:-1"},"canonical":"https:\/\/svenskafdc.se\/butik\/product\/julfrimarken-2017\/","og_locale":"sv_SE","og_type":"article","og_title":"Julfrim\u00e4rken 2017 - Butiken","og_description":"Utgivningsdag 16 november 2017. Signerat.","og_url":"https:\/\/svenskafdc.se\/butik\/product\/julfrimarken-2017\/","og_site_name":"Butiken","article_modified_time":"2025-02-04T15:57:07+00:00","og_image":[{"width":640,"height":445,"url":"https:\/\/svenskafdc.se\/butik\/wp-content\/uploads\/2017\/11\/FDC112017b.jpg","type":"image\/jpeg"}],"twitter_card":"summary_large_image","twitter_misc":{"Ber\u00e4knad l\u00e4stid":"1 minut"},"schema":{"@context":"https:\/\/schema.org","@graph":[{"@type":"WebPage","@id":"https:\/\/svenskafdc.se\/butik\/product\/julfrimarken-2017\/","url":"https:\/\/svenskafdc.se\/butik\/product\/julfrimarken-2017\/","name":"Julfrim\u00e4rken 2017 - Butiken","isPartOf":{"@id":"https:\/\/svenskafdc.se\/butik\/#website"},"primaryImageOfPage":{"@id":"https:\/\/svenskafdc.se\/butik\/product\/julfrimarken-2017\/#primaryimage"},"image":{"@id":"https:\/\/svenskafdc.se\/butik\/product\/julfrimarken-2017\/#primaryimage"},"thumbnailUrl":"https:\/\/svenskafdc.se\/butik\/wp-content\/uploads\/2017\/11\/FDC112017b.jpg","datePublished":"2017-11-16T13:35:59+00:00","dateModified":"2025-02-04T15:57:07+00:00","breadcrumb":{"@id":"https:\/\/svenskafdc.se\/butik\/product\/julfrimarken-2017\/#breadcrumb"},"inLanguage":"sv-SE","potentialAction":[{"@type":"ReadAction","target":["https:\/\/svenskafdc.se\/butik\/product\/julfrimarken-2017\/"]}]},{"@type":"ImageObject","inLanguage":"sv-SE","@id":"https:\/\/svenskafdc.se\/butik\/product\/julfrimarken-2017\/#primaryimage","url":"https:\/\/svenskafdc.se\/butik\/wp-content\/uploads\/2017\/11\/FDC112017b.jpg","contentUrl":"https:\/\/svenskafdc.se\/butik\/wp-content\/uploads\/2017\/11\/FDC112017b.jpg","width":640,"height":445},{"@type":"BreadcrumbList","@id":"https:\/\/svenskafdc.se\/butik\/product\/julfrimarken-2017\/#breadcrumb","itemListElement":[{"@type":"ListItem","position":1,"name":"Home","item":"https:\/\/svenskafdc.se\/butik\/"},{"@type":"ListItem","position":2,"name":"H\u00e4r kan du k\u00f6pa v\u00e5ra F\u00f6rstadagskuvert","item":"https:\/\/svenskafdc.se\/butik\/shop\/"},{"@type":"ListItem","position":3,"name":"Julfrim\u00e4rken 2017"}]},{"@type":"WebSite","@id":"https:\/\/svenskafdc.se\/butik\/#website","url":"https:\/\/svenskafdc.se\/butik\/","name":"Butiken","description":"Sveriges b\u00e4sta FDC sajt","potentialAction":[{"@type":"SearchAction","target":{"@type":"EntryPoint","urlTemplate":"https:\/\/svenskafdc.se\/butik\/?s={search_term_string}"},"query-input":{"@type":"PropertyValueSpecification","valueRequired":true,"valueName":"search_term_string"}}],"inLanguage":"sv-SE"}]}},"jetpack_sharing_enabled":true,"_links":{"self":[{"href":"https:\/\/svenskafdc.se\/butik\/wp-json\/wp\/v2\/product\/1006","targetHints":{"allow":["GET"]}}],"collection":[{"href":"https:\/\/svenskafdc.se\/butik\/wp-json\/wp\/v2\/product"}],"about":[{"href":"https:\/\/svenskafdc.se\/butik\/wp-json\/wp\/v2\/types\/product"}],"replies":[{"embeddable":true,"href":"https:\/\/svenskafdc.se\/butik\/wp-json\/wp\/v2\/comments?post=1006"}],"wp:featuredmedia":[{"embeddable":true,"href":"https:\/\/svenskafdc.se\/butik\/wp-json\/wp\/v2\/media\/1013"}],"wp:attachment":[{"href":"https:\/\/svenskafdc.se\/butik\/wp-json\/wp\/v2\/media?parent=1006"}],"wp:term":[{"taxonomy":"product_brand","embeddable":true,"href":"https:\/\/svenskafdc.se\/butik\/wp-json\/wp\/v2\/product_brand?post=1006"},{"taxonomy":"product_cat","embeddable":true,"href":"https:\/\/svenskafdc.se\/butik\/wp-json\/wp\/v2\/product_cat?post=1006"},{"taxonomy":"product_tag","embeddable":true,"href":"https:\/\/svenskafdc.se\/butik\/wp-json\/wp\/v2\/product_tag?post=1006"}],"curies":[{"name":"wp","href":"https:\/\/api.w.org\/{rel}","templated":true}]}}