{"id":154,"date":"2014-04-08T22:04:07","date_gmt":"2014-04-08T20:04:07","guid":{"rendered":"http:\/\/svenskafdc.se\/butik\/?post_type=product&#038;p=154"},"modified":"2018-11-21T18:27:46","modified_gmt":"2018-11-21T16:27:46","slug":"kommunallagar-1961","status":"publish","type":"product","link":"https:\/\/svenskafdc.se\/butik\/product\/kommunallagar-1961\/","title":{"rendered":"Kommunallagar 1962"},"content":{"rendered":"<p>Kommunallagar 100 \u00e5r 21\/3 1961 vinjett=1 <\/p>\n","protected":false},"excerpt":{"rendered":"<p>Kommunallagar 100 \u00e5r 21\/3 1961 vinjett=1<\/p>\n","protected":false},"featured_media":77,"comment_status":"open","ping_status":"closed","template":"","meta":{"jetpack_post_was_ever_published":false},"product_brand":[],"product_cat":[64,20,90],"product_tag":[],"class_list":{"0":"post-154","1":"product","2":"type-product","3":"status-publish","4":"has-post-thumbnail","6":"product_cat-64","7":"product_cat-fdc","8":"product_cat-vinjett","10":"first","11":"outofstock","12":"sold-individually","13":"shipping-taxable","14":"purchasable","15":"product-type-simple"},"yoast_head":"<!-- This site is optimized with the Yoast SEO plugin v27.4 - https:\/\/yoast.com\/product\/yoast-seo-wordpress\/ -->\n<title>Kommunallagar 1962 - Butiken<\/title>\n<meta name=\"robots\" content=\"index, follow, max-snippet:-1, max-image-preview:large, max-video-preview:-1\" \/>\n<link rel=\"canonical\" href=\"https:\/\/svenskafdc.se\/butik\/product\/kommunallagar-1961\/\" \/>\n<meta property=\"og:locale\" content=\"sv_SE\" \/>\n<meta property=\"og:type\" content=\"article\" \/>\n<meta property=\"og:title\" content=\"Kommunallagar 1962 - Butiken\" \/>\n<meta property=\"og:description\" content=\"Kommunallagar 100 \u00e5r 21\/3 1961 vinjett=1\" \/>\n<meta property=\"og:url\" content=\"https:\/\/svenskafdc.se\/butik\/product\/kommunallagar-1961\/\" \/>\n<meta property=\"og:site_name\" content=\"Butiken\" \/>\n<meta property=\"article:modified_time\" content=\"2018-11-21T16:27:46+00:00\" \/>\n<meta property=\"og:image\" content=\"https:\/\/svenskafdc.se\/butik\/wp-content\/uploads\/2014\/04\/40.jpg\" \/>\n\t<meta property=\"og:image:width\" content=\"1401\" \/>\n\t<meta property=\"og:image:height\" content=\"893\" \/>\n\t<meta property=\"og:image:type\" content=\"image\/jpeg\" \/>\n<meta name=\"twitter:card\" content=\"summary_large_image\" \/>\n<script type=\"application\/ld+json\" class=\"yoast-schema-graph\">{\"@context\":\"https:\\\/\\\/schema.org\",\"@graph\":[{\"@type\":\"WebPage\",\"@id\":\"https:\\\/\\\/svenskafdc.se\\\/butik\\\/product\\\/kommunallagar-1961\\\/\",\"url\":\"https:\\\/\\\/svenskafdc.se\\\/butik\\\/product\\\/kommunallagar-1961\\\/\",\"name\":\"Kommunallagar 1962 - Butiken\",\"isPartOf\":{\"@id\":\"https:\\\/\\\/svenskafdc.se\\\/butik\\\/#website\"},\"primaryImageOfPage\":{\"@id\":\"https:\\\/\\\/svenskafdc.se\\\/butik\\\/product\\\/kommunallagar-1961\\\/#primaryimage\"},\"image\":{\"@id\":\"https:\\\/\\\/svenskafdc.se\\\/butik\\\/product\\\/kommunallagar-1961\\\/#primaryimage\"},\"thumbnailUrl\":\"https:\\\/\\\/svenskafdc.se\\\/butik\\\/wp-content\\\/uploads\\\/2014\\\/04\\\/40.jpg\",\"datePublished\":\"2014-04-08T20:04:07+00:00\",\"dateModified\":\"2018-11-21T16:27:46+00:00\",\"breadcrumb\":{\"@id\":\"https:\\\/\\\/svenskafdc.se\\\/butik\\\/product\\\/kommunallagar-1961\\\/#breadcrumb\"},\"inLanguage\":\"sv-SE\",\"potentialAction\":[{\"@type\":\"ReadAction\",\"target\":[\"https:\\\/\\\/svenskafdc.se\\\/butik\\\/product\\\/kommunallagar-1961\\\/\"]}]},{\"@type\":\"ImageObject\",\"inLanguage\":\"sv-SE\",\"@id\":\"https:\\\/\\\/svenskafdc.se\\\/butik\\\/product\\\/kommunallagar-1961\\\/#primaryimage\",\"url\":\"https:\\\/\\\/svenskafdc.se\\\/butik\\\/wp-content\\\/uploads\\\/2014\\\/04\\\/40.jpg\",\"contentUrl\":\"https:\\\/\\\/svenskafdc.se\\\/butik\\\/wp-content\\\/uploads\\\/2014\\\/04\\\/40.jpg\",\"width\":1401,\"height\":893},{\"@type\":\"BreadcrumbList\",\"@id\":\"https:\\\/\\\/svenskafdc.se\\\/butik\\\/product\\\/kommunallagar-1961\\\/#breadcrumb\",\"itemListElement\":[{\"@type\":\"ListItem\",\"position\":1,\"name\":\"Home\",\"item\":\"https:\\\/\\\/svenskafdc.se\\\/butik\\\/\"},{\"@type\":\"ListItem\",\"position\":2,\"name\":\"H\u00e4r kan du k\u00f6pa v\u00e5ra F\u00f6rstadagskuvert\",\"item\":\"https:\\\/\\\/svenskafdc.se\\\/butik\\\/shop\\\/\"},{\"@type\":\"ListItem\",\"position\":3,\"name\":\"Kommunallagar 1962\"}]},{\"@type\":\"WebSite\",\"@id\":\"https:\\\/\\\/svenskafdc.se\\\/butik\\\/#website\",\"url\":\"https:\\\/\\\/svenskafdc.se\\\/butik\\\/\",\"name\":\"Butiken\",\"description\":\"Sveriges b\u00e4sta FDC sajt\",\"potentialAction\":[{\"@type\":\"SearchAction\",\"target\":{\"@type\":\"EntryPoint\",\"urlTemplate\":\"https:\\\/\\\/svenskafdc.se\\\/butik\\\/?s={search_term_string}\"},\"query-input\":{\"@type\":\"PropertyValueSpecification\",\"valueRequired\":true,\"valueName\":\"search_term_string\"}}],\"inLanguage\":\"sv-SE\"}]}<\/script>\n<!-- \/ Yoast SEO plugin. -->","yoast_head_json":{"title":"Kommunallagar 1962 - Butiken","robots":{"index":"index","follow":"follow","max-snippet":"max-snippet:-1","max-image-preview":"max-image-preview:large","max-video-preview":"max-video-preview:-1"},"canonical":"https:\/\/svenskafdc.se\/butik\/product\/kommunallagar-1961\/","og_locale":"sv_SE","og_type":"article","og_title":"Kommunallagar 1962 - Butiken","og_description":"Kommunallagar 100 \u00e5r 21\/3 1961 vinjett=1","og_url":"https:\/\/svenskafdc.se\/butik\/product\/kommunallagar-1961\/","og_site_name":"Butiken","article_modified_time":"2018-11-21T16:27:46+00:00","og_image":[{"width":1401,"height":893,"url":"https:\/\/svenskafdc.se\/butik\/wp-content\/uploads\/2014\/04\/40.jpg","type":"image\/jpeg"}],"twitter_card":"summary_large_image","schema":{"@context":"https:\/\/schema.org","@graph":[{"@type":"WebPage","@id":"https:\/\/svenskafdc.se\/butik\/product\/kommunallagar-1961\/","url":"https:\/\/svenskafdc.se\/butik\/product\/kommunallagar-1961\/","name":"Kommunallagar 1962 - Butiken","isPartOf":{"@id":"https:\/\/svenskafdc.se\/butik\/#website"},"primaryImageOfPage":{"@id":"https:\/\/svenskafdc.se\/butik\/product\/kommunallagar-1961\/#primaryimage"},"image":{"@id":"https:\/\/svenskafdc.se\/butik\/product\/kommunallagar-1961\/#primaryimage"},"thumbnailUrl":"https:\/\/svenskafdc.se\/butik\/wp-content\/uploads\/2014\/04\/40.jpg","datePublished":"2014-04-08T20:04:07+00:00","dateModified":"2018-11-21T16:27:46+00:00","breadcrumb":{"@id":"https:\/\/svenskafdc.se\/butik\/product\/kommunallagar-1961\/#breadcrumb"},"inLanguage":"sv-SE","potentialAction":[{"@type":"ReadAction","target":["https:\/\/svenskafdc.se\/butik\/product\/kommunallagar-1961\/"]}]},{"@type":"ImageObject","inLanguage":"sv-SE","@id":"https:\/\/svenskafdc.se\/butik\/product\/kommunallagar-1961\/#primaryimage","url":"https:\/\/svenskafdc.se\/butik\/wp-content\/uploads\/2014\/04\/40.jpg","contentUrl":"https:\/\/svenskafdc.se\/butik\/wp-content\/uploads\/2014\/04\/40.jpg","width":1401,"height":893},{"@type":"BreadcrumbList","@id":"https:\/\/svenskafdc.se\/butik\/product\/kommunallagar-1961\/#breadcrumb","itemListElement":[{"@type":"ListItem","position":1,"name":"Home","item":"https:\/\/svenskafdc.se\/butik\/"},{"@type":"ListItem","position":2,"name":"H\u00e4r kan du k\u00f6pa v\u00e5ra F\u00f6rstadagskuvert","item":"https:\/\/svenskafdc.se\/butik\/shop\/"},{"@type":"ListItem","position":3,"name":"Kommunallagar 1962"}]},{"@type":"WebSite","@id":"https:\/\/svenskafdc.se\/butik\/#website","url":"https:\/\/svenskafdc.se\/butik\/","name":"Butiken","description":"Sveriges b\u00e4sta FDC sajt","potentialAction":[{"@type":"SearchAction","target":{"@type":"EntryPoint","urlTemplate":"https:\/\/svenskafdc.se\/butik\/?s={search_term_string}"},"query-input":{"@type":"PropertyValueSpecification","valueRequired":true,"valueName":"search_term_string"}}],"inLanguage":"sv-SE"}]}},"jetpack_sharing_enabled":true,"_links":{"self":[{"href":"https:\/\/svenskafdc.se\/butik\/wp-json\/wp\/v2\/product\/154","targetHints":{"allow":["GET"]}}],"collection":[{"href":"https:\/\/svenskafdc.se\/butik\/wp-json\/wp\/v2\/product"}],"about":[{"href":"https:\/\/svenskafdc.se\/butik\/wp-json\/wp\/v2\/types\/product"}],"replies":[{"embeddable":true,"href":"https:\/\/svenskafdc.se\/butik\/wp-json\/wp\/v2\/comments?post=154"}],"wp:featuredmedia":[{"embeddable":true,"href":"https:\/\/svenskafdc.se\/butik\/wp-json\/wp\/v2\/media\/77"}],"wp:attachment":[{"href":"https:\/\/svenskafdc.se\/butik\/wp-json\/wp\/v2\/media?parent=154"}],"wp:term":[{"taxonomy":"product_brand","embeddable":true,"href":"https:\/\/svenskafdc.se\/butik\/wp-json\/wp\/v2\/product_brand?post=154"},{"taxonomy":"product_cat","embeddable":true,"href":"https:\/\/svenskafdc.se\/butik\/wp-json\/wp\/v2\/product_cat?post=154"},{"taxonomy":"product_tag","embeddable":true,"href":"https:\/\/svenskafdc.se\/butik\/wp-json\/wp\/v2\/product_tag?post=154"}],"curies":[{"name":"wp","href":"https:\/\/api.w.org\/{rel}","templated":true}]}}