{"id":605,"date":"2014-11-28T14:22:07","date_gmt":"2014-11-28T12:22:07","guid":{"rendered":"http:\/\/svenskafdc.se\/butik\/?post_type=product&#038;p=605"},"modified":"2026-01-19T18:42:40","modified_gmt":"2026-01-19T16:42:40","slug":"tre-kronor-1964","status":"publish","type":"product","link":"https:\/\/svenskafdc.se\/butik\/product\/tre-kronor-1964\/","title":{"rendered":"Tre kronor 1964"},"content":{"rendered":"<p>Tre kronor 24\/8 1964. vinjett 2. Rekommenderat.<\/p>\n","protected":false},"excerpt":{"rendered":"<p>Tre kronor 24\/8 1964. vinjett 2. Rekommenderat.<\/p>\n","protected":false},"featured_media":578,"comment_status":"open","ping_status":"closed","template":"","meta":{"jetpack_post_was_ever_published":false},"product_brand":[],"product_cat":[62,20,73,90],"product_tag":[],"class_list":{"0":"post-605","1":"product","2":"type-product","3":"status-publish","4":"has-post-thumbnail","6":"product_cat-62","7":"product_cat-fdc","8":"product_cat-rekommenderat","9":"product_cat-vinjett","11":"first","12":"outofstock","13":"sold-individually","14":"shipping-taxable","15":"purchasable","16":"product-type-simple"},"yoast_head":"<!-- This site is optimized with the Yoast SEO plugin v27.4 - https:\/\/yoast.com\/product\/yoast-seo-wordpress\/ -->\n<title>Tre kronor 1964 - Butiken<\/title>\n<meta name=\"robots\" content=\"index, follow, max-snippet:-1, max-image-preview:large, max-video-preview:-1\" \/>\n<link rel=\"canonical\" href=\"https:\/\/svenskafdc.se\/butik\/product\/tre-kronor-1964\/\" \/>\n<meta property=\"og:locale\" content=\"sv_SE\" \/>\n<meta property=\"og:type\" content=\"article\" \/>\n<meta property=\"og:title\" content=\"Tre kronor 1964 - Butiken\" \/>\n<meta property=\"og:description\" content=\"Tre kronor 24\/8 1964. vinjett 2. Rekommenderat.\" \/>\n<meta property=\"og:url\" content=\"https:\/\/svenskafdc.se\/butik\/product\/tre-kronor-1964\/\" \/>\n<meta property=\"og:site_name\" content=\"Butiken\" \/>\n<meta property=\"article:modified_time\" content=\"2026-01-19T16:42:40+00:00\" \/>\n<meta property=\"og:image\" content=\"https:\/\/svenskafdc.se\/butik\/wp-content\/uploads\/2014\/11\/298.jpg\" \/>\n\t<meta property=\"og:image:width\" content=\"1403\" \/>\n\t<meta property=\"og:image:height\" content=\"860\" \/>\n\t<meta property=\"og:image:type\" content=\"image\/jpeg\" \/>\n<meta name=\"twitter:card\" content=\"summary_large_image\" \/>\n<meta name=\"twitter:label1\" content=\"Ber\u00e4knad l\u00e4stid\" \/>\n\t<meta name=\"twitter:data1\" content=\"1 minut\" \/>\n<script type=\"application\/ld+json\" class=\"yoast-schema-graph\">{\"@context\":\"https:\\\/\\\/schema.org\",\"@graph\":[{\"@type\":\"WebPage\",\"@id\":\"https:\\\/\\\/svenskafdc.se\\\/butik\\\/product\\\/tre-kronor-1964\\\/\",\"url\":\"https:\\\/\\\/svenskafdc.se\\\/butik\\\/product\\\/tre-kronor-1964\\\/\",\"name\":\"Tre kronor 1964 - Butiken\",\"isPartOf\":{\"@id\":\"https:\\\/\\\/svenskafdc.se\\\/butik\\\/#website\"},\"primaryImageOfPage\":{\"@id\":\"https:\\\/\\\/svenskafdc.se\\\/butik\\\/product\\\/tre-kronor-1964\\\/#primaryimage\"},\"image\":{\"@id\":\"https:\\\/\\\/svenskafdc.se\\\/butik\\\/product\\\/tre-kronor-1964\\\/#primaryimage\"},\"thumbnailUrl\":\"https:\\\/\\\/svenskafdc.se\\\/butik\\\/wp-content\\\/uploads\\\/2014\\\/11\\\/298.jpg\",\"datePublished\":\"2014-11-28T12:22:07+00:00\",\"dateModified\":\"2026-01-19T16:42:40+00:00\",\"breadcrumb\":{\"@id\":\"https:\\\/\\\/svenskafdc.se\\\/butik\\\/product\\\/tre-kronor-1964\\\/#breadcrumb\"},\"inLanguage\":\"sv-SE\",\"potentialAction\":[{\"@type\":\"ReadAction\",\"target\":[\"https:\\\/\\\/svenskafdc.se\\\/butik\\\/product\\\/tre-kronor-1964\\\/\"]}]},{\"@type\":\"ImageObject\",\"inLanguage\":\"sv-SE\",\"@id\":\"https:\\\/\\\/svenskafdc.se\\\/butik\\\/product\\\/tre-kronor-1964\\\/#primaryimage\",\"url\":\"https:\\\/\\\/svenskafdc.se\\\/butik\\\/wp-content\\\/uploads\\\/2014\\\/11\\\/298.jpg\",\"contentUrl\":\"https:\\\/\\\/svenskafdc.se\\\/butik\\\/wp-content\\\/uploads\\\/2014\\\/11\\\/298.jpg\",\"width\":1403,\"height\":860},{\"@type\":\"BreadcrumbList\",\"@id\":\"https:\\\/\\\/svenskafdc.se\\\/butik\\\/product\\\/tre-kronor-1964\\\/#breadcrumb\",\"itemListElement\":[{\"@type\":\"ListItem\",\"position\":1,\"name\":\"Home\",\"item\":\"https:\\\/\\\/svenskafdc.se\\\/butik\\\/\"},{\"@type\":\"ListItem\",\"position\":2,\"name\":\"H\u00e4r kan du k\u00f6pa v\u00e5ra F\u00f6rstadagskuvert\",\"item\":\"https:\\\/\\\/svenskafdc.se\\\/butik\\\/shop\\\/\"},{\"@type\":\"ListItem\",\"position\":3,\"name\":\"Tre kronor 1964\"}]},{\"@type\":\"WebSite\",\"@id\":\"https:\\\/\\\/svenskafdc.se\\\/butik\\\/#website\",\"url\":\"https:\\\/\\\/svenskafdc.se\\\/butik\\\/\",\"name\":\"Butiken\",\"description\":\"Sveriges b\u00e4sta FDC sajt\",\"potentialAction\":[{\"@type\":\"SearchAction\",\"target\":{\"@type\":\"EntryPoint\",\"urlTemplate\":\"https:\\\/\\\/svenskafdc.se\\\/butik\\\/?s={search_term_string}\"},\"query-input\":{\"@type\":\"PropertyValueSpecification\",\"valueRequired\":true,\"valueName\":\"search_term_string\"}}],\"inLanguage\":\"sv-SE\"}]}<\/script>\n<!-- \/ Yoast SEO plugin. -->","yoast_head_json":{"title":"Tre kronor 1964 - Butiken","robots":{"index":"index","follow":"follow","max-snippet":"max-snippet:-1","max-image-preview":"max-image-preview:large","max-video-preview":"max-video-preview:-1"},"canonical":"https:\/\/svenskafdc.se\/butik\/product\/tre-kronor-1964\/","og_locale":"sv_SE","og_type":"article","og_title":"Tre kronor 1964 - Butiken","og_description":"Tre kronor 24\/8 1964. vinjett 2. Rekommenderat.","og_url":"https:\/\/svenskafdc.se\/butik\/product\/tre-kronor-1964\/","og_site_name":"Butiken","article_modified_time":"2026-01-19T16:42:40+00:00","og_image":[{"width":1403,"height":860,"url":"https:\/\/svenskafdc.se\/butik\/wp-content\/uploads\/2014\/11\/298.jpg","type":"image\/jpeg"}],"twitter_card":"summary_large_image","twitter_misc":{"Ber\u00e4knad l\u00e4stid":"1 minut"},"schema":{"@context":"https:\/\/schema.org","@graph":[{"@type":"WebPage","@id":"https:\/\/svenskafdc.se\/butik\/product\/tre-kronor-1964\/","url":"https:\/\/svenskafdc.se\/butik\/product\/tre-kronor-1964\/","name":"Tre kronor 1964 - Butiken","isPartOf":{"@id":"https:\/\/svenskafdc.se\/butik\/#website"},"primaryImageOfPage":{"@id":"https:\/\/svenskafdc.se\/butik\/product\/tre-kronor-1964\/#primaryimage"},"image":{"@id":"https:\/\/svenskafdc.se\/butik\/product\/tre-kronor-1964\/#primaryimage"},"thumbnailUrl":"https:\/\/svenskafdc.se\/butik\/wp-content\/uploads\/2014\/11\/298.jpg","datePublished":"2014-11-28T12:22:07+00:00","dateModified":"2026-01-19T16:42:40+00:00","breadcrumb":{"@id":"https:\/\/svenskafdc.se\/butik\/product\/tre-kronor-1964\/#breadcrumb"},"inLanguage":"sv-SE","potentialAction":[{"@type":"ReadAction","target":["https:\/\/svenskafdc.se\/butik\/product\/tre-kronor-1964\/"]}]},{"@type":"ImageObject","inLanguage":"sv-SE","@id":"https:\/\/svenskafdc.se\/butik\/product\/tre-kronor-1964\/#primaryimage","url":"https:\/\/svenskafdc.se\/butik\/wp-content\/uploads\/2014\/11\/298.jpg","contentUrl":"https:\/\/svenskafdc.se\/butik\/wp-content\/uploads\/2014\/11\/298.jpg","width":1403,"height":860},{"@type":"BreadcrumbList","@id":"https:\/\/svenskafdc.se\/butik\/product\/tre-kronor-1964\/#breadcrumb","itemListElement":[{"@type":"ListItem","position":1,"name":"Home","item":"https:\/\/svenskafdc.se\/butik\/"},{"@type":"ListItem","position":2,"name":"H\u00e4r kan du k\u00f6pa v\u00e5ra F\u00f6rstadagskuvert","item":"https:\/\/svenskafdc.se\/butik\/shop\/"},{"@type":"ListItem","position":3,"name":"Tre kronor 1964"}]},{"@type":"WebSite","@id":"https:\/\/svenskafdc.se\/butik\/#website","url":"https:\/\/svenskafdc.se\/butik\/","name":"Butiken","description":"Sveriges b\u00e4sta FDC sajt","potentialAction":[{"@type":"SearchAction","target":{"@type":"EntryPoint","urlTemplate":"https:\/\/svenskafdc.se\/butik\/?s={search_term_string}"},"query-input":{"@type":"PropertyValueSpecification","valueRequired":true,"valueName":"search_term_string"}}],"inLanguage":"sv-SE"}]}},"jetpack_sharing_enabled":true,"_links":{"self":[{"href":"https:\/\/svenskafdc.se\/butik\/wp-json\/wp\/v2\/product\/605","targetHints":{"allow":["GET"]}}],"collection":[{"href":"https:\/\/svenskafdc.se\/butik\/wp-json\/wp\/v2\/product"}],"about":[{"href":"https:\/\/svenskafdc.se\/butik\/wp-json\/wp\/v2\/types\/product"}],"replies":[{"embeddable":true,"href":"https:\/\/svenskafdc.se\/butik\/wp-json\/wp\/v2\/comments?post=605"}],"wp:featuredmedia":[{"embeddable":true,"href":"https:\/\/svenskafdc.se\/butik\/wp-json\/wp\/v2\/media\/578"}],"wp:attachment":[{"href":"https:\/\/svenskafdc.se\/butik\/wp-json\/wp\/v2\/media?parent=605"}],"wp:term":[{"taxonomy":"product_brand","embeddable":true,"href":"https:\/\/svenskafdc.se\/butik\/wp-json\/wp\/v2\/product_brand?post=605"},{"taxonomy":"product_cat","embeddable":true,"href":"https:\/\/svenskafdc.se\/butik\/wp-json\/wp\/v2\/product_cat?post=605"},{"taxonomy":"product_tag","embeddable":true,"href":"https:\/\/svenskafdc.se\/butik\/wp-json\/wp\/v2\/product_tag?post=605"}],"curies":[{"name":"wp","href":"https:\/\/api.w.org\/{rel}","templated":true}]}}