{"id":634,"date":"2014-11-29T13:46:34","date_gmt":"2014-11-29T11:46:34","guid":{"rendered":"http:\/\/svenskafdc.se\/butik\/?post_type=product&#038;p=634"},"modified":"2018-03-03T10:56:04","modified_gmt":"2018-03-03T08:56:04","slug":"nobel-1961-2","status":"publish","type":"product","link":"https:\/\/svenskafdc.se\/butik\/product\/nobel-1961-2\/","title":{"rendered":"Nobel 1961"},"content":{"rendered":"<p>Nobel 9\/12 1961. Ankomstst\u00e4mplat Brooklyn 18\/12 1961. REK och Flygpostm\u00e4rkt.<\/p>\n<p><a href=\"http:\/\/svenskafdc.se\/butik\/wp-content\/uploads\/2014\/11\/236b.jpg\"><img loading=\"lazy\" decoding=\"async\" src=\"http:\/\/svenskafdc.se\/butik\/wp-content\/uploads\/2014\/11\/236b-300x206.jpg\" alt=\"236b\" width=\"300\" height=\"206\" class=\"alignnone size-medium wp-image-544\" srcset=\"https:\/\/svenskafdc.se\/butik\/wp-content\/uploads\/2014\/11\/236b-300x206.jpg 300w, https:\/\/svenskafdc.se\/butik\/wp-content\/uploads\/2014\/11\/236b-1024x703.jpg 1024w, https:\/\/svenskafdc.se\/butik\/wp-content\/uploads\/2014\/11\/236b-162x112.jpg 162w, https:\/\/svenskafdc.se\/butik\/wp-content\/uploads\/2014\/11\/236b.jpg 1239w\" sizes=\"(max-width: 300px) 100vw, 300px\" \/><\/a><\/p>\n","protected":false},"excerpt":{"rendered":"<p>Nobel 9\/12 1961. Ankomstst\u00e4mplat Brooklyn 18\/12 1961. REK och Flygpostm\u00e4rkt.<\/p>\n","protected":false},"featured_media":543,"comment_status":"open","ping_status":"closed","template":"","meta":{"jetpack_post_was_ever_published":false},"product_brand":[],"product_cat":[65,20,22,73],"product_tag":[],"class_list":{"0":"post-634","1":"product","2":"type-product","3":"status-publish","4":"has-post-thumbnail","6":"product_cat-65","7":"product_cat-fdc","8":"product_cat-nobel","9":"product_cat-rekommenderat","11":"first","12":"instock","13":"sold-individually","14":"shipping-taxable","15":"purchasable","16":"product-type-simple"},"yoast_head":"<!-- This site is optimized with the Yoast SEO plugin v27.4 - https:\/\/yoast.com\/product\/yoast-seo-wordpress\/ -->\n<title>Nobel 1961 - Butiken<\/title>\n<meta name=\"robots\" content=\"index, follow, max-snippet:-1, max-image-preview:large, max-video-preview:-1\" \/>\n<link rel=\"canonical\" href=\"https:\/\/svenskafdc.se\/butik\/product\/nobel-1961-2\/\" \/>\n<meta property=\"og:locale\" content=\"sv_SE\" \/>\n<meta property=\"og:type\" content=\"article\" \/>\n<meta property=\"og:title\" content=\"Nobel 1961 - Butiken\" \/>\n<meta property=\"og:description\" content=\"Nobel 9\/12 1961. Ankomstst\u00e4mplat Brooklyn 18\/12 1961. REK och Flygpostm\u00e4rkt.\" \/>\n<meta property=\"og:url\" content=\"https:\/\/svenskafdc.se\/butik\/product\/nobel-1961-2\/\" \/>\n<meta property=\"og:site_name\" content=\"Butiken\" \/>\n<meta property=\"article:modified_time\" content=\"2018-03-03T08:56:04+00:00\" \/>\n<meta property=\"og:image\" content=\"https:\/\/svenskafdc.se\/butik\/wp-content\/uploads\/2014\/11\/236a.jpg\" \/>\n\t<meta property=\"og:image:width\" content=\"1235\" \/>\n\t<meta property=\"og:image:height\" content=\"856\" \/>\n\t<meta property=\"og:image:type\" content=\"image\/jpeg\" \/>\n<meta name=\"twitter:card\" content=\"summary_large_image\" \/>\n<script type=\"application\/ld+json\" class=\"yoast-schema-graph\">{\"@context\":\"https:\\\/\\\/schema.org\",\"@graph\":[{\"@type\":\"WebPage\",\"@id\":\"https:\\\/\\\/svenskafdc.se\\\/butik\\\/product\\\/nobel-1961-2\\\/\",\"url\":\"https:\\\/\\\/svenskafdc.se\\\/butik\\\/product\\\/nobel-1961-2\\\/\",\"name\":\"Nobel 1961 - Butiken\",\"isPartOf\":{\"@id\":\"https:\\\/\\\/svenskafdc.se\\\/butik\\\/#website\"},\"primaryImageOfPage\":{\"@id\":\"https:\\\/\\\/svenskafdc.se\\\/butik\\\/product\\\/nobel-1961-2\\\/#primaryimage\"},\"image\":{\"@id\":\"https:\\\/\\\/svenskafdc.se\\\/butik\\\/product\\\/nobel-1961-2\\\/#primaryimage\"},\"thumbnailUrl\":\"https:\\\/\\\/svenskafdc.se\\\/butik\\\/wp-content\\\/uploads\\\/2014\\\/11\\\/236a.jpg\",\"datePublished\":\"2014-11-29T11:46:34+00:00\",\"dateModified\":\"2018-03-03T08:56:04+00:00\",\"breadcrumb\":{\"@id\":\"https:\\\/\\\/svenskafdc.se\\\/butik\\\/product\\\/nobel-1961-2\\\/#breadcrumb\"},\"inLanguage\":\"sv-SE\",\"potentialAction\":[{\"@type\":\"ReadAction\",\"target\":[\"https:\\\/\\\/svenskafdc.se\\\/butik\\\/product\\\/nobel-1961-2\\\/\"]}]},{\"@type\":\"ImageObject\",\"inLanguage\":\"sv-SE\",\"@id\":\"https:\\\/\\\/svenskafdc.se\\\/butik\\\/product\\\/nobel-1961-2\\\/#primaryimage\",\"url\":\"https:\\\/\\\/svenskafdc.se\\\/butik\\\/wp-content\\\/uploads\\\/2014\\\/11\\\/236a.jpg\",\"contentUrl\":\"https:\\\/\\\/svenskafdc.se\\\/butik\\\/wp-content\\\/uploads\\\/2014\\\/11\\\/236a.jpg\",\"width\":1235,\"height\":856},{\"@type\":\"BreadcrumbList\",\"@id\":\"https:\\\/\\\/svenskafdc.se\\\/butik\\\/product\\\/nobel-1961-2\\\/#breadcrumb\",\"itemListElement\":[{\"@type\":\"ListItem\",\"position\":1,\"name\":\"Home\",\"item\":\"https:\\\/\\\/svenskafdc.se\\\/butik\\\/\"},{\"@type\":\"ListItem\",\"position\":2,\"name\":\"H\u00e4r kan du k\u00f6pa v\u00e5ra F\u00f6rstadagskuvert\",\"item\":\"https:\\\/\\\/svenskafdc.se\\\/butik\\\/shop\\\/\"},{\"@type\":\"ListItem\",\"position\":3,\"name\":\"Nobel 1961\"}]},{\"@type\":\"WebSite\",\"@id\":\"https:\\\/\\\/svenskafdc.se\\\/butik\\\/#website\",\"url\":\"https:\\\/\\\/svenskafdc.se\\\/butik\\\/\",\"name\":\"Butiken\",\"description\":\"Sveriges b\u00e4sta FDC sajt\",\"potentialAction\":[{\"@type\":\"SearchAction\",\"target\":{\"@type\":\"EntryPoint\",\"urlTemplate\":\"https:\\\/\\\/svenskafdc.se\\\/butik\\\/?s={search_term_string}\"},\"query-input\":{\"@type\":\"PropertyValueSpecification\",\"valueRequired\":true,\"valueName\":\"search_term_string\"}}],\"inLanguage\":\"sv-SE\"}]}<\/script>\n<!-- \/ Yoast SEO plugin. -->","yoast_head_json":{"title":"Nobel 1961 - Butiken","robots":{"index":"index","follow":"follow","max-snippet":"max-snippet:-1","max-image-preview":"max-image-preview:large","max-video-preview":"max-video-preview:-1"},"canonical":"https:\/\/svenskafdc.se\/butik\/product\/nobel-1961-2\/","og_locale":"sv_SE","og_type":"article","og_title":"Nobel 1961 - Butiken","og_description":"Nobel 9\/12 1961. Ankomstst\u00e4mplat Brooklyn 18\/12 1961. REK och Flygpostm\u00e4rkt.","og_url":"https:\/\/svenskafdc.se\/butik\/product\/nobel-1961-2\/","og_site_name":"Butiken","article_modified_time":"2018-03-03T08:56:04+00:00","og_image":[{"width":1235,"height":856,"url":"https:\/\/svenskafdc.se\/butik\/wp-content\/uploads\/2014\/11\/236a.jpg","type":"image\/jpeg"}],"twitter_card":"summary_large_image","schema":{"@context":"https:\/\/schema.org","@graph":[{"@type":"WebPage","@id":"https:\/\/svenskafdc.se\/butik\/product\/nobel-1961-2\/","url":"https:\/\/svenskafdc.se\/butik\/product\/nobel-1961-2\/","name":"Nobel 1961 - Butiken","isPartOf":{"@id":"https:\/\/svenskafdc.se\/butik\/#website"},"primaryImageOfPage":{"@id":"https:\/\/svenskafdc.se\/butik\/product\/nobel-1961-2\/#primaryimage"},"image":{"@id":"https:\/\/svenskafdc.se\/butik\/product\/nobel-1961-2\/#primaryimage"},"thumbnailUrl":"https:\/\/svenskafdc.se\/butik\/wp-content\/uploads\/2014\/11\/236a.jpg","datePublished":"2014-11-29T11:46:34+00:00","dateModified":"2018-03-03T08:56:04+00:00","breadcrumb":{"@id":"https:\/\/svenskafdc.se\/butik\/product\/nobel-1961-2\/#breadcrumb"},"inLanguage":"sv-SE","potentialAction":[{"@type":"ReadAction","target":["https:\/\/svenskafdc.se\/butik\/product\/nobel-1961-2\/"]}]},{"@type":"ImageObject","inLanguage":"sv-SE","@id":"https:\/\/svenskafdc.se\/butik\/product\/nobel-1961-2\/#primaryimage","url":"https:\/\/svenskafdc.se\/butik\/wp-content\/uploads\/2014\/11\/236a.jpg","contentUrl":"https:\/\/svenskafdc.se\/butik\/wp-content\/uploads\/2014\/11\/236a.jpg","width":1235,"height":856},{"@type":"BreadcrumbList","@id":"https:\/\/svenskafdc.se\/butik\/product\/nobel-1961-2\/#breadcrumb","itemListElement":[{"@type":"ListItem","position":1,"name":"Home","item":"https:\/\/svenskafdc.se\/butik\/"},{"@type":"ListItem","position":2,"name":"H\u00e4r kan du k\u00f6pa v\u00e5ra F\u00f6rstadagskuvert","item":"https:\/\/svenskafdc.se\/butik\/shop\/"},{"@type":"ListItem","position":3,"name":"Nobel 1961"}]},{"@type":"WebSite","@id":"https:\/\/svenskafdc.se\/butik\/#website","url":"https:\/\/svenskafdc.se\/butik\/","name":"Butiken","description":"Sveriges b\u00e4sta FDC sajt","potentialAction":[{"@type":"SearchAction","target":{"@type":"EntryPoint","urlTemplate":"https:\/\/svenskafdc.se\/butik\/?s={search_term_string}"},"query-input":{"@type":"PropertyValueSpecification","valueRequired":true,"valueName":"search_term_string"}}],"inLanguage":"sv-SE"}]}},"jetpack_sharing_enabled":true,"_links":{"self":[{"href":"https:\/\/svenskafdc.se\/butik\/wp-json\/wp\/v2\/product\/634","targetHints":{"allow":["GET"]}}],"collection":[{"href":"https:\/\/svenskafdc.se\/butik\/wp-json\/wp\/v2\/product"}],"about":[{"href":"https:\/\/svenskafdc.se\/butik\/wp-json\/wp\/v2\/types\/product"}],"replies":[{"embeddable":true,"href":"https:\/\/svenskafdc.se\/butik\/wp-json\/wp\/v2\/comments?post=634"}],"wp:featuredmedia":[{"embeddable":true,"href":"https:\/\/svenskafdc.se\/butik\/wp-json\/wp\/v2\/media\/543"}],"wp:attachment":[{"href":"https:\/\/svenskafdc.se\/butik\/wp-json\/wp\/v2\/media?parent=634"}],"wp:term":[{"taxonomy":"product_brand","embeddable":true,"href":"https:\/\/svenskafdc.se\/butik\/wp-json\/wp\/v2\/product_brand?post=634"},{"taxonomy":"product_cat","embeddable":true,"href":"https:\/\/svenskafdc.se\/butik\/wp-json\/wp\/v2\/product_cat?post=634"},{"taxonomy":"product_tag","embeddable":true,"href":"https:\/\/svenskafdc.se\/butik\/wp-json\/wp\/v2\/product_tag?post=634"}],"curies":[{"name":"wp","href":"https:\/\/api.w.org\/{rel}","templated":true}]}}