{"id":658,"date":"2014-11-30T00:25:41","date_gmt":"2014-11-29T22:25:41","guid":{"rendered":"http:\/\/svenskafdc.se\/butik\/?post_type=product&#038;p=658"},"modified":"2018-03-03T10:56:03","modified_gmt":"2018-03-03T08:56:03","slug":"bruksmarken-1976","status":"publish","type":"product","link":"https:\/\/svenskafdc.se\/butik\/product\/bruksmarken-1976\/","title":{"rendered":"Bruksm\u00e4rken 1976"},"content":{"rendered":"<p>Bruksm\u00e4rken 27\/1 1976. Rekommenderat Stockholm 3.<\/p>\n","protected":false},"excerpt":{"rendered":"<p>Bruksm\u00e4rken 27\/1 1976. Rekommenderat Stockholm 3.<\/p>\n","protected":false},"featured_media":535,"comment_status":"open","ping_status":"closed","template":"","meta":{"jetpack_post_was_ever_published":false},"product_brand":[],"product_cat":[41,20,73],"product_tag":[],"class_list":{"0":"post-658","1":"product","2":"type-product","3":"status-publish","4":"has-post-thumbnail","6":"product_cat-41","7":"product_cat-fdc","8":"product_cat-rekommenderat","10":"first","11":"instock","12":"sold-individually","13":"shipping-taxable","14":"purchasable","15":"product-type-simple"},"yoast_head":"<!-- This site is optimized with the Yoast SEO plugin v27.4 - https:\/\/yoast.com\/product\/yoast-seo-wordpress\/ -->\n<title>Bruksm\u00e4rken 1976 - Butiken<\/title>\n<meta name=\"robots\" content=\"index, follow, max-snippet:-1, max-image-preview:large, max-video-preview:-1\" \/>\n<link rel=\"canonical\" href=\"https:\/\/svenskafdc.se\/butik\/product\/bruksmarken-1976\/\" \/>\n<meta property=\"og:locale\" content=\"sv_SE\" \/>\n<meta property=\"og:type\" content=\"article\" \/>\n<meta property=\"og:title\" content=\"Bruksm\u00e4rken 1976 - Butiken\" \/>\n<meta property=\"og:description\" content=\"Bruksm\u00e4rken 27\/1 1976. Rekommenderat Stockholm 3.\" \/>\n<meta property=\"og:url\" content=\"https:\/\/svenskafdc.se\/butik\/product\/bruksmarken-1976\/\" \/>\n<meta property=\"og:site_name\" content=\"Butiken\" \/>\n<meta property=\"article:modified_time\" content=\"2018-03-03T08:56:03+00:00\" \/>\n<meta property=\"og:image\" content=\"https:\/\/svenskafdc.se\/butik\/wp-content\/uploads\/2014\/11\/227.jpg\" \/>\n\t<meta property=\"og:image:width\" content=\"1293\" \/>\n\t<meta property=\"og:image:height\" content=\"891\" \/>\n\t<meta property=\"og:image:type\" content=\"image\/jpeg\" \/>\n<meta name=\"twitter:card\" content=\"summary_large_image\" \/>\n<script type=\"application\/ld+json\" class=\"yoast-schema-graph\">{\"@context\":\"https:\\\/\\\/schema.org\",\"@graph\":[{\"@type\":\"WebPage\",\"@id\":\"https:\\\/\\\/svenskafdc.se\\\/butik\\\/product\\\/bruksmarken-1976\\\/\",\"url\":\"https:\\\/\\\/svenskafdc.se\\\/butik\\\/product\\\/bruksmarken-1976\\\/\",\"name\":\"Bruksm\u00e4rken 1976 - Butiken\",\"isPartOf\":{\"@id\":\"https:\\\/\\\/svenskafdc.se\\\/butik\\\/#website\"},\"primaryImageOfPage\":{\"@id\":\"https:\\\/\\\/svenskafdc.se\\\/butik\\\/product\\\/bruksmarken-1976\\\/#primaryimage\"},\"image\":{\"@id\":\"https:\\\/\\\/svenskafdc.se\\\/butik\\\/product\\\/bruksmarken-1976\\\/#primaryimage\"},\"thumbnailUrl\":\"https:\\\/\\\/svenskafdc.se\\\/butik\\\/wp-content\\\/uploads\\\/2014\\\/11\\\/227.jpg\",\"datePublished\":\"2014-11-29T22:25:41+00:00\",\"dateModified\":\"2018-03-03T08:56:03+00:00\",\"breadcrumb\":{\"@id\":\"https:\\\/\\\/svenskafdc.se\\\/butik\\\/product\\\/bruksmarken-1976\\\/#breadcrumb\"},\"inLanguage\":\"sv-SE\",\"potentialAction\":[{\"@type\":\"ReadAction\",\"target\":[\"https:\\\/\\\/svenskafdc.se\\\/butik\\\/product\\\/bruksmarken-1976\\\/\"]}]},{\"@type\":\"ImageObject\",\"inLanguage\":\"sv-SE\",\"@id\":\"https:\\\/\\\/svenskafdc.se\\\/butik\\\/product\\\/bruksmarken-1976\\\/#primaryimage\",\"url\":\"https:\\\/\\\/svenskafdc.se\\\/butik\\\/wp-content\\\/uploads\\\/2014\\\/11\\\/227.jpg\",\"contentUrl\":\"https:\\\/\\\/svenskafdc.se\\\/butik\\\/wp-content\\\/uploads\\\/2014\\\/11\\\/227.jpg\",\"width\":1293,\"height\":891},{\"@type\":\"BreadcrumbList\",\"@id\":\"https:\\\/\\\/svenskafdc.se\\\/butik\\\/product\\\/bruksmarken-1976\\\/#breadcrumb\",\"itemListElement\":[{\"@type\":\"ListItem\",\"position\":1,\"name\":\"Home\",\"item\":\"https:\\\/\\\/svenskafdc.se\\\/butik\\\/\"},{\"@type\":\"ListItem\",\"position\":2,\"name\":\"H\u00e4r kan du k\u00f6pa v\u00e5ra F\u00f6rstadagskuvert\",\"item\":\"https:\\\/\\\/svenskafdc.se\\\/butik\\\/shop\\\/\"},{\"@type\":\"ListItem\",\"position\":3,\"name\":\"Bruksm\u00e4rken 1976\"}]},{\"@type\":\"WebSite\",\"@id\":\"https:\\\/\\\/svenskafdc.se\\\/butik\\\/#website\",\"url\":\"https:\\\/\\\/svenskafdc.se\\\/butik\\\/\",\"name\":\"Butiken\",\"description\":\"Sveriges b\u00e4sta FDC sajt\",\"potentialAction\":[{\"@type\":\"SearchAction\",\"target\":{\"@type\":\"EntryPoint\",\"urlTemplate\":\"https:\\\/\\\/svenskafdc.se\\\/butik\\\/?s={search_term_string}\"},\"query-input\":{\"@type\":\"PropertyValueSpecification\",\"valueRequired\":true,\"valueName\":\"search_term_string\"}}],\"inLanguage\":\"sv-SE\"}]}<\/script>\n<!-- \/ Yoast SEO plugin. -->","yoast_head_json":{"title":"Bruksm\u00e4rken 1976 - Butiken","robots":{"index":"index","follow":"follow","max-snippet":"max-snippet:-1","max-image-preview":"max-image-preview:large","max-video-preview":"max-video-preview:-1"},"canonical":"https:\/\/svenskafdc.se\/butik\/product\/bruksmarken-1976\/","og_locale":"sv_SE","og_type":"article","og_title":"Bruksm\u00e4rken 1976 - Butiken","og_description":"Bruksm\u00e4rken 27\/1 1976. Rekommenderat Stockholm 3.","og_url":"https:\/\/svenskafdc.se\/butik\/product\/bruksmarken-1976\/","og_site_name":"Butiken","article_modified_time":"2018-03-03T08:56:03+00:00","og_image":[{"width":1293,"height":891,"url":"https:\/\/svenskafdc.se\/butik\/wp-content\/uploads\/2014\/11\/227.jpg","type":"image\/jpeg"}],"twitter_card":"summary_large_image","schema":{"@context":"https:\/\/schema.org","@graph":[{"@type":"WebPage","@id":"https:\/\/svenskafdc.se\/butik\/product\/bruksmarken-1976\/","url":"https:\/\/svenskafdc.se\/butik\/product\/bruksmarken-1976\/","name":"Bruksm\u00e4rken 1976 - Butiken","isPartOf":{"@id":"https:\/\/svenskafdc.se\/butik\/#website"},"primaryImageOfPage":{"@id":"https:\/\/svenskafdc.se\/butik\/product\/bruksmarken-1976\/#primaryimage"},"image":{"@id":"https:\/\/svenskafdc.se\/butik\/product\/bruksmarken-1976\/#primaryimage"},"thumbnailUrl":"https:\/\/svenskafdc.se\/butik\/wp-content\/uploads\/2014\/11\/227.jpg","datePublished":"2014-11-29T22:25:41+00:00","dateModified":"2018-03-03T08:56:03+00:00","breadcrumb":{"@id":"https:\/\/svenskafdc.se\/butik\/product\/bruksmarken-1976\/#breadcrumb"},"inLanguage":"sv-SE","potentialAction":[{"@type":"ReadAction","target":["https:\/\/svenskafdc.se\/butik\/product\/bruksmarken-1976\/"]}]},{"@type":"ImageObject","inLanguage":"sv-SE","@id":"https:\/\/svenskafdc.se\/butik\/product\/bruksmarken-1976\/#primaryimage","url":"https:\/\/svenskafdc.se\/butik\/wp-content\/uploads\/2014\/11\/227.jpg","contentUrl":"https:\/\/svenskafdc.se\/butik\/wp-content\/uploads\/2014\/11\/227.jpg","width":1293,"height":891},{"@type":"BreadcrumbList","@id":"https:\/\/svenskafdc.se\/butik\/product\/bruksmarken-1976\/#breadcrumb","itemListElement":[{"@type":"ListItem","position":1,"name":"Home","item":"https:\/\/svenskafdc.se\/butik\/"},{"@type":"ListItem","position":2,"name":"H\u00e4r kan du k\u00f6pa v\u00e5ra F\u00f6rstadagskuvert","item":"https:\/\/svenskafdc.se\/butik\/shop\/"},{"@type":"ListItem","position":3,"name":"Bruksm\u00e4rken 1976"}]},{"@type":"WebSite","@id":"https:\/\/svenskafdc.se\/butik\/#website","url":"https:\/\/svenskafdc.se\/butik\/","name":"Butiken","description":"Sveriges b\u00e4sta FDC sajt","potentialAction":[{"@type":"SearchAction","target":{"@type":"EntryPoint","urlTemplate":"https:\/\/svenskafdc.se\/butik\/?s={search_term_string}"},"query-input":{"@type":"PropertyValueSpecification","valueRequired":true,"valueName":"search_term_string"}}],"inLanguage":"sv-SE"}]}},"jetpack_sharing_enabled":true,"_links":{"self":[{"href":"https:\/\/svenskafdc.se\/butik\/wp-json\/wp\/v2\/product\/658","targetHints":{"allow":["GET"]}}],"collection":[{"href":"https:\/\/svenskafdc.se\/butik\/wp-json\/wp\/v2\/product"}],"about":[{"href":"https:\/\/svenskafdc.se\/butik\/wp-json\/wp\/v2\/types\/product"}],"replies":[{"embeddable":true,"href":"https:\/\/svenskafdc.se\/butik\/wp-json\/wp\/v2\/comments?post=658"}],"wp:featuredmedia":[{"embeddable":true,"href":"https:\/\/svenskafdc.se\/butik\/wp-json\/wp\/v2\/media\/535"}],"wp:attachment":[{"href":"https:\/\/svenskafdc.se\/butik\/wp-json\/wp\/v2\/media?parent=658"}],"wp:term":[{"taxonomy":"product_brand","embeddable":true,"href":"https:\/\/svenskafdc.se\/butik\/wp-json\/wp\/v2\/product_brand?post=658"},{"taxonomy":"product_cat","embeddable":true,"href":"https:\/\/svenskafdc.se\/butik\/wp-json\/wp\/v2\/product_cat?post=658"},{"taxonomy":"product_tag","embeddable":true,"href":"https:\/\/svenskafdc.se\/butik\/wp-json\/wp\/v2\/product_tag?post=658"}],"curies":[{"name":"wp","href":"https:\/\/api.w.org\/{rel}","templated":true}]}}